{"id":511,"date":"2016-04-26T09:20:47","date_gmt":"2016-04-26T09:20:47","guid":{"rendered":"https:\/\/tsere.org\/?page_id=511"},"modified":"2024-06-26T23:24:13","modified_gmt":"2024-06-27T04:24:13","slug":"home","status":"publish","type":"page","link":"https:\/\/tsere.org\/","title":{"rendered":"Home"},"content":{"rendered":"<div class=\"wpb-content-wrapper\"><p>[vc_row full_width=\u00bbstretch_row\u00bb inverse=\u00bbyes\u00bb css=\u00bb.vc_custom_1719455647819{background: #6db55b url(https:\/\/tsere.org\/wp-content\/uploads\/2021\/06\/bg-1.jpg?id=1630) !important;}\u00bb][vc_column][vc_empty_space][vc_column_text]<\/p>\n<div class=\"sc_scroll_wrapper swiper-wrapper\">\n<div class=\"sc_scroll_slide swiper-slide\">\n<div id=\"_pan\" class=\"sc_pan sc_pan_horizontal inited_pan\">\n<h2 class=\"sc_section_title sc_item_title\" style=\"text-align: center;\">\u00bfQU\u00c9 ES EL PROYECTO TSERE?<\/h2>\n<hr \/>\n<p>&nbsp;<\/p>\n<\/div>\n<\/div>\n<\/div>\n<p>[\/vc_column_text][vc_empty_space height=\u00bb50 px\u00bb]<span class=\"sc_icon icon-down sc_icon_shape_round aligncenter\" style=\"margin-top:32px;font-size:2.2em; line-height: 1.2em;background-color:rgba(255,255,255,0.01);border-color:rgba(255,255,255,0.01);\"><\/span>[vc_empty_space height=\u00bb3em\u00bb][vc_row_inner][vc_column_inner width=\u00bb1\/2&#8243;][vc_column_text]<strong>Tsere significa ara\u00f1a en el idioma Shuar-Chicham.<\/strong><\/p>\n<p><strong>Creamos literatura infantil para tejer vinculaci\u00f3n aut\u00e9ntica con la palabra escrita, el arte y la narraci\u00f3n literaria.<\/strong><\/p>\n<p><strong>Creamos literatura infantil para tejer identidad, basada en una auto-exploraci\u00f3n y una mirada sincera hacia lo cultural y lo intercultural.<\/strong><\/p>\n<p><strong>En las historias del Proyecto Tsere, protagonizan ni\u00f1as y ni\u00f1os con rasgos f\u00edsicos que reflejan la diversidad del Ecuador; donde los entornos corresponden a la realidad material, natural y cultural de diversos sectores econ\u00f3micos, geogr\u00e1ficos y \u00e9tnicos; y donde se reflejan las vivencias cotidianas actuales de la ni\u00f1ez Ecuatoriana adem\u00e1s de lo tradicional e hist\u00f3rico como la mitolog\u00eda y las biograf\u00edas sobre la infancia que vivieron personas quienes ahora son adultos mayores.<\/strong>[\/vc_column_text][\/vc_column_inner][vc_column_inner width=\u00bb1\/2&#8243;][vc_video link=\u00bbhttps:\/\/youtu.be\/q-9FMJrkHAk\u00bb][\/vc_column_inner][\/vc_row_inner][vc_empty_space height=\u00bb8.3em\u00bb][\/vc_column][\/vc_row][vc_row full_width=\u00bbstretch_row\u00bb inverse=\u00bb\u00bb css=\u00bb.vc_custom_1622650048444{background-color: #468c4b !important;}\u00bb][vc_column][vc_empty_space height=\u00bb7em\u00bb]<h1 class=\"sc_title sc_title_regular sc_align_center\" style=\"margin-bottom:0.15em;text-align:center;color:#ffffff;\">Nuestros Servicios<\/h1>[vc_column_text]<\/p>\n<h3><\/h3>\n<h2 style=\"text-align: center;\"><a href=\"https:\/\/tsere.org\/index.php\/services-page\/\"><span style=\"color: #ffffff;\">Asesor\u00eda y capacitaci\u00f3n en proyectos de literatura infantil intercultural<\/span><\/a><\/h2>\n<p>[\/vc_column_text][vc_empty_space height=\u00bb7em\u00bb][\/vc_column][\/vc_row][vc_row full_width=\u00bbstretch_row\u00bb inverse=\u00bbyes\u00bb css=\u00bb.vc_custom_1461746706983{background-image: url(https:\/\/tsere.org\/wp-content\/uploads\/2016\/04\/bg.jpg?id=525) !important;}\u00bb][vc_column width=\u00bb1\/2&#8243;]<h2 class=\"sc_title sc_title_regular sc_align_center\" style=\"text-align:center;\"><\/p>\n<p style=\"text-align: center;\"><a href=\"https:\/\/tsere.org\/index.php\/libros-infantiles\/\">Libros<\/a><br \/>\n<a href=\"https:\/\/tsere.org\/index.php\/libros-infantiles\/\">Infantiles<\/a><\/p>\n<p><\/h2>[vc_icon icon_fontawesome=\u00bbfas fa-external-link-alt\u00bb color=\u00bbwhite\u00bb align=\u00bbcenter\u00bb link=\u00bburl:https%3A%2F%2Ftsere.org%2Findex.php%2Flibros-infantiles%2F|title:Biblioteca\u00bb][\/vc_column][vc_column width=\u00bb1\/2&#8243;]<h2 class=\"sc_title sc_title_regular sc_align_center\" style=\"text-align:center;\"><\/p>\n<p style=\"text-align: center;\"><a href=\"https:\/\/tsere.org\/index.php\/biblioteca\/\">Complementos<\/a><br \/>\n<a href=\"https:\/\/tsere.org\/index.php\/biblioteca\/\">audiovisuales<\/a><\/p>\n<p><\/h2>[vc_icon icon_fontawesome=\u00bbfas fa-external-link-alt\u00bb color=\u00bbwhite\u00bb align=\u00bbcenter\u00bb link=\u00bburl:https%3A%2F%2Ftsere.org%2Findex.php%2Fbiblioteca%2F|title:Biblioteca\u00bb][\/vc_column][\/vc_row]<\/p>\n<\/div>","protected":false},"excerpt":{"rendered":"<p>[vc_row full_width=\u00bbstretch_row\u00bb inverse=\u00bbyes\u00bb css=\u00bb.vc_custom_1719455647819{background: #6db55b url(https:\/\/tsere.org\/wp-content\/uploads\/2021\/06\/bg-1.jpg?id=1630) !important;}\u00bb][vc_column][vc_empty_space][vc_column_text] \u00bfQU\u00c9 ES EL PROYECTO TSERE? &nbsp; [\/vc_column_text][vc_empty_space height=\u00bb50 px\u00bb][vc_empty_space height=\u00bb3em\u00bb][vc_row_inner][vc_column_inner width=\u00bb1\/2&#8243;][vc_column_text]Tsere significa ara\u00f1a en el idioma Shuar-Chicham. Creamos literatura infantil para tejer vinculaci\u00f3n aut\u00e9ntica con la palabra escrita, el arte y la narraci\u00f3n literaria. Creamos literatura infantil para tejer identidad, basada en una auto-exploraci\u00f3n y una mirada sincera [&hellip;]<\/p>\n","protected":false},"author":3,"featured_media":0,"parent":0,"menu_order":0,"comment_status":"closed","ping_status":"closed","template":"","meta":{"footnotes":""},"class_list":["post-511","page","type-page","status-publish","hentry"],"_links":{"self":[{"href":"https:\/\/tsere.org\/index.php\/wp-json\/wp\/v2\/pages\/511","targetHints":{"allow":["GET"]}}],"collection":[{"href":"https:\/\/tsere.org\/index.php\/wp-json\/wp\/v2\/pages"}],"about":[{"href":"https:\/\/tsere.org\/index.php\/wp-json\/wp\/v2\/types\/page"}],"author":[{"embeddable":true,"href":"https:\/\/tsere.org\/index.php\/wp-json\/wp\/v2\/users\/3"}],"replies":[{"embeddable":true,"href":"https:\/\/tsere.org\/index.php\/wp-json\/wp\/v2\/comments?post=511"}],"version-history":[{"count":123,"href":"https:\/\/tsere.org\/index.php\/wp-json\/wp\/v2\/pages\/511\/revisions"}],"predecessor-version":[{"id":7439,"href":"https:\/\/tsere.org\/index.php\/wp-json\/wp\/v2\/pages\/511\/revisions\/7439"}],"wp:attachment":[{"href":"https:\/\/tsere.org\/index.php\/wp-json\/wp\/v2\/media?parent=511"}],"curies":[{"name":"wp","href":"https:\/\/api.w.org\/{rel}","templated":true}]}}