{"id":1716,"date":"2021-06-03T14:11:33","date_gmt":"2021-06-03T14:11:33","guid":{"rendered":"https:\/\/tsere.org\/?page_id=1716"},"modified":"2021-07-09T16:40:02","modified_gmt":"2021-07-09T16:40:02","slug":"biblioteca","status":"publish","type":"page","link":"https:\/\/tsere.org\/index.php\/biblioteca\/","title":{"rendered":"Biblioteca"},"content":{"rendered":"<div class=\"wpb-content-wrapper\"><p>[vc_row][vc_column][vc_cta h2=\u00bbEn esta biblioteca encuentras audios y videos que puedes utilizar para armar actividades y proyectos de literatura infantil intercultural en tu aula.\u00bb txt_align=\u00bbcenter\u00bb]Si deseas apoyo para crear una planificaci\u00f3n en torno a estos materiales, <a href=\"https:\/\/tsere.org\/index.php\/contactos\/\">escr\u00edbeme<\/a> y revisa los videos sobre literatura infantil intercultural <a href=\"https:\/\/tsere.org\/index.php\/services-page\/\">aqu\u00ed<\/a>[\/vc_cta][\/vc_column][\/vc_row][vc_row][vc_column][vc_column_text]<\/p>\n<h1 style=\"text-align: left;\">Entrevistas<\/h1>\n<p>[\/vc_column_text][\/vc_column][vc_column width=\u00bb1\/2&#8243;][vc_video link=\u00bbhttps:\/\/www.youtube.com\/watch?v=wuVrMYst3v0&#8243;][vc_empty_space][\/vc_column][vc_column width=\u00bb1\/2&#8243;][vc_video link=\u00bbhttps:\/\/www.youtube.com\/watch?v=FgOSYC_48Dg\u00bb][\/vc_column][\/vc_row][vc_row disable_element=\u00bbyes\u00bb][vc_column][vc_empty_space][vc_empty_space][vc_column_text]<\/p>\n<h1 style=\"text-align: center;\">Cuentos<\/h1>\n<p>[\/vc_column_text][\/vc_column][vc_column width=\u00bb1\/2&#8243;][vc_column_text]<\/p>\n<h2 style=\"text-align: center;\">Cuentos en espa\u00f1ol<\/h2>\n<p>&nbsp;<\/p>\n<p>https:\/\/soundcloud.com\/proyecto-tsere\/sets\/cuentos_espaniol\/s-Igr0KePYe7u[\/vc_column_text][\/vc_column][vc_column width=\u00bb1\/2&#8243;][vc_column_text]<\/p>\n<h2 style=\"text-align: center;\">Cuentos en Shuar<\/h2>\n<p>&nbsp;<\/p>\n<p>https:\/\/soundcloud.com\/proyecto-tsere\/sets\/cuentos_shuar\/s-BbQiog3CVPb[\/vc_column_text][\/vc_column][\/vc_row][vc_row][vc_column][vc_empty_space][vc_column_text]<\/p>\n<h1 style=\"text-align: left;\">Narraci\u00f3n<\/h1>\n<p>[\/vc_column_text][\/vc_column][\/vc_row][vc_row full_width=\u00bbstretch_row_content\u00bb][vc_column width=\u00bb1\/2&#8243;][vc_empty_space][vc_column_text]<\/p>\n<div style=\"width: 100%;\">\n<div style=\"position: relative; padding-bottom: 56.25%; padding-top: 0; height: 0;\"><iframe loading=\"lazy\" style=\"position: absolute; top: 0; left: 0; width: 100%; height: 100%;\" src=\"https:\/\/view.genial.ly\/60c6372ccbf41a0cf0a151c2\" width=\"1200\" height=\"675\" frameborder=\"0\" scrolling=\"yes\" allowfullscreen=\"allowfullscreen\"><\/iframe><\/div>\n<\/div>\n<p>[\/vc_column_text][\/vc_column][vc_column width=\u00bb1\/2&#8243;][vc_empty_space][vc_column_text]<\/p>\n<div style=\"width: 100%;\">\n<div style=\"position: relative; padding-bottom: 56.25%; padding-top: 0; height: 0;\"><iframe loading=\"lazy\" style=\"position: absolute; top: 0; left: 0; width: 100%; height: 100%;\" src=\"https:\/\/view.genial.ly\/60c65170aa89fd0d1b8a4620\" width=\"1200\" height=\"675\" frameborder=\"0\" scrolling=\"yes\" allowfullscreen=\"allowfullscreen\"><\/iframe><\/div>\n<\/div>\n<p>[\/vc_column_text][\/vc_column][\/vc_row][vc_row][vc_column][vc_empty_space][vc_column_text]<\/p>\n<h1 style=\"text-align: left;\">Canciones<\/h1>\n<p>[\/vc_column_text][vc_empty_space][vc_column_text]<\/p>\n<div style=\"width: 100%;\">\n<div style=\"position: relative; padding-bottom: 56.25%; padding-top: 0; height: 0;\"><iframe loading=\"lazy\" style=\"position: absolute; top: 0; left: 0; width: 100%; height: 100%;\" src=\"https:\/\/view.genial.ly\/60c3cd8c89ab270da0b2e455\" width=\"1200\" height=\"675\" frameborder=\"0\" scrolling=\"yes\" allowfullscreen=\"allowfullscreen\"><\/iframe><\/div>\n<\/div>\n<p>[\/vc_column_text][\/vc_column][\/vc_row] <\/p>\n<\/div>","protected":false},"excerpt":{"rendered":"<p>[vc_row][vc_column][vc_cta h2=\u00bbEn esta biblioteca encuentras audios y videos que puedes utilizar para armar actividades y proyectos de literatura infantil intercultural en tu aula.\u00bb txt_align=\u00bbcenter\u00bb]Si deseas apoyo para crear una planificaci\u00f3n en torno a estos materiales, escr\u00edbeme y revisa los videos sobre literatura infantil intercultural aqu\u00ed[\/vc_cta][\/vc_column][\/vc_row][vc_row][vc_column][vc_column_text] Entrevistas [\/vc_column_text][\/vc_column][vc_column width=\u00bb1\/2&#8243;][vc_video link=\u00bbhttps:\/\/www.youtube.com\/watch?v=wuVrMYst3v0&#8243;][vc_empty_space][\/vc_column][vc_column width=\u00bb1\/2&#8243;][vc_video link=\u00bbhttps:\/\/www.youtube.com\/watch?v=FgOSYC_48Dg\u00bb][\/vc_column][\/vc_row][vc_row disable_element=\u00bbyes\u00bb][vc_column][vc_empty_space][vc_empty_space][vc_column_text] Cuentos [\/vc_column_text][\/vc_column][vc_column width=\u00bb1\/2&#8243;][vc_column_text][&hellip;]<\/p>\n","protected":false},"author":3,"featured_media":0,"parent":0,"menu_order":0,"comment_status":"closed","ping_status":"closed","template":"","meta":{"footnotes":""},"class_list":["post-1716","page","type-page","status-publish","hentry"],"_links":{"self":[{"href":"https:\/\/tsere.org\/index.php\/wp-json\/wp\/v2\/pages\/1716","targetHints":{"allow":["GET"]}}],"collection":[{"href":"https:\/\/tsere.org\/index.php\/wp-json\/wp\/v2\/pages"}],"about":[{"href":"https:\/\/tsere.org\/index.php\/wp-json\/wp\/v2\/types\/page"}],"author":[{"embeddable":true,"href":"https:\/\/tsere.org\/index.php\/wp-json\/wp\/v2\/users\/3"}],"replies":[{"embeddable":true,"href":"https:\/\/tsere.org\/index.php\/wp-json\/wp\/v2\/comments?post=1716"}],"version-history":[{"count":35,"href":"https:\/\/tsere.org\/index.php\/wp-json\/wp\/v2\/pages\/1716\/revisions"}],"predecessor-version":[{"id":1845,"href":"https:\/\/tsere.org\/index.php\/wp-json\/wp\/v2\/pages\/1716\/revisions\/1845"}],"wp:attachment":[{"href":"https:\/\/tsere.org\/index.php\/wp-json\/wp\/v2\/media?parent=1716"}],"curies":[{"name":"wp","href":"https:\/\/api.w.org\/{rel}","templated":true}]}}